{"id":109,"date":"2022-03-08T19:11:51","date_gmt":"2022-03-08T22:11:51","guid":{"rendered":"https:\/\/allprintvarella.com.br\/quote\/?page_id=109"},"modified":"2022-03-16T14:08:59","modified_gmt":"2022-03-16T17:08:59","slug":"fale-conosco","status":"publish","type":"page","link":"https:\/\/allprintvarella.com.br\/quote\/fale-conosco\/","title":{"rendered":"Fale Conosco"},"content":{"rendered":"\n<p><strong>Telefone: <a href=\"tel: 5435191617\" data-type=\"tel\" data-id=\"tel: 5435191617\">54 3519-1617<\/a><\/strong><\/p>\n\n\n\n<p>Rua Washington Lu\u00eds, 275 &#8211; Centro, Erechim &#8211; RS, 99700-086<\/p>\n\n\n\n<div class=\"wp-block-contact-form-7-contact-form-selector\">\n<div class=\"wpcf7 no-js\" id=\"wpcf7-f84-o1\" lang=\"pt-BR\" dir=\"ltr\" data-wpcf7-id=\"84\">\n<div class=\"screen-reader-response\"><p role=\"status\" aria-live=\"polite\" aria-atomic=\"true\"><\/p> <ul><\/ul><\/div>\n<form action=\"\/quote\/wp-json\/wp\/v2\/pages\/109#wpcf7-f84-o1\" method=\"post\" class=\"wpcf7-form init\" aria-label=\"Formul\u00e1rios de contato\" novalidate=\"novalidate\" data-status=\"init\">\n<fieldset class=\"hidden-fields-container\"><input type=\"hidden\" name=\"_wpcf7\" value=\"84\" \/><input type=\"hidden\" name=\"_wpcf7_version\" value=\"6.1.5\" \/><input type=\"hidden\" name=\"_wpcf7_locale\" value=\"pt_BR\" \/><input type=\"hidden\" name=\"_wpcf7_unit_tag\" value=\"wpcf7-f84-o1\" \/><input type=\"hidden\" name=\"_wpcf7_container_post\" value=\"0\" \/><input type=\"hidden\" name=\"_wpcf7_posted_data_hash\" value=\"\" \/>\n<\/fieldset>\n<div class=\"wpcf7-turnstile cf-turnstile\" data-sitekey=\"0x4AAAAAABurfvSjv-LRQyWR\" data-response-field-name=\"_wpcf7_turnstile_response\"><\/div>\n\n<p><label> Seu nome<br \/>\n<span class=\"wpcf7-form-control-wrap\" data-name=\"your-name\"><input size=\"40\" maxlength=\"400\" class=\"wpcf7-form-control wpcf7-text wpcf7-validates-as-required\" aria-required=\"true\" aria-invalid=\"false\" value=\"\" type=\"text\" name=\"your-name\" \/><\/span> <\/label>\n<\/p>\n<p><label> Seu e-mail<br \/>\n<span class=\"wpcf7-form-control-wrap\" data-name=\"your-email\"><input size=\"40\" maxlength=\"400\" class=\"wpcf7-form-control wpcf7-email wpcf7-validates-as-required wpcf7-text wpcf7-validates-as-email\" aria-required=\"true\" aria-invalid=\"false\" value=\"\" type=\"email\" name=\"your-email\" \/><\/span> <\/label>\n<\/p>\n<p><label> Telefone<br \/>\n<span class=\"wpcf7-form-control-wrap\" data-name=\"tel-978\"><input size=\"40\" maxlength=\"400\" class=\"wpcf7-form-control wpcf7-tel wpcf7-validates-as-required wpcf7-text wpcf7-validates-as-tel\" aria-required=\"true\" aria-invalid=\"false\" value=\"\" type=\"tel\" name=\"tel-978\" \/><\/span> <\/label>\n<\/p>\n<p><label> Sua mensagem (opcional)<br \/>\n<span class=\"wpcf7-form-control-wrap\" data-name=\"your-message\"><textarea cols=\"40\" rows=\"10\" maxlength=\"2000\" class=\"wpcf7-form-control wpcf7-textarea\" aria-invalid=\"false\" name=\"your-message\"><\/textarea><\/span> <\/label>\n<\/p>\n<p><label> <strong>Uma vez preenchidos, os dados informados geram um registro de atendimento que ser\u00e1 recebido por e-mail, e gravado em banco de dados, estas informa\u00e7\u00f5es ser\u00e3o usadas expl\u00edcitamente para o fim a que se destina, e n\u00e3o ser\u00e3o usadas para outras finalidades, e menos ainda, repassadas para qualquer outra entidade, exceto para fins Jur\u00eddicos na presta\u00e7\u00e3o do servi\u00e7o.<br \/>\nLembramos que por tratar-se de uma presta\u00e7\u00e3o de servi\u00e7o, a comunica\u00e7\u00e3o por e-mail ou telefone, poder\u00e1 ser usada para ofertar oportunidades e promo\u00e7\u00f5es do servi\u00e7o sempre que estas surgirem.<br \/>\nPor estar conivente com o envio de suas informa\u00e7\u00f5es conforme o par\u00e1grafo acima, inclusive, estando ciente do preenchimento de todos campos anteriores, a caixa de aceite abaixo, deve ser marcada para concordar com o envio deste formul\u00e1rio.<\/strong><br \/>\n<span class=\"wpcf7-form-control-wrap\" data-name=\"concordo\"><span class=\"wpcf7-form-control wpcf7-acceptance\"><span class=\"wpcf7-list-item\"><input type=\"checkbox\" name=\"concordo\" value=\"1\" aria-invalid=\"false\" \/><\/span><\/span><\/span> <strong>Aceito<\/strong> <\/label>\n<\/p>\n<p><input class=\"wpcf7-form-control wpcf7-submit has-spinner\" type=\"submit\" value=\"Enviar\" \/>\n<\/p><p style=\"display: none !important;\" class=\"akismet-fields-container\" data-prefix=\"_wpcf7_ak_\"><label>&#916;<textarea name=\"_wpcf7_ak_hp_textarea\" cols=\"45\" rows=\"8\" maxlength=\"100\"><\/textarea><\/label><input type=\"hidden\" id=\"ak_js_1\" name=\"_wpcf7_ak_js\" value=\"97\"\/><script>document.getElementById( \"ak_js_1\" ).setAttribute( \"value\", ( new Date() ).getTime() );<\/script><\/p><div class=\"wpcf7-response-output\" aria-hidden=\"true\"><\/div>\n<\/form>\n<\/div>\n<\/div>\n","protected":false},"excerpt":{"rendered":"<p>Telefone: 54 3519-1617 Rua Washington Lu\u00eds, 275 &#8211; Centro, Erechim &#8211; RS, 99700-086<\/p>\n","protected":false},"author":1,"featured_media":0,"parent":0,"menu_order":0,"comment_status":"closed","ping_status":"closed","template":"","meta":{"footnotes":""},"class_list":["post-109","page","type-page","status-publish","hentry"],"aioseo_notices":[],"_links":{"self":[{"href":"https:\/\/allprintvarella.com.br\/quote\/wp-json\/wp\/v2\/pages\/109","targetHints":{"allow":["GET"]}}],"collection":[{"href":"https:\/\/allprintvarella.com.br\/quote\/wp-json\/wp\/v2\/pages"}],"about":[{"href":"https:\/\/allprintvarella.com.br\/quote\/wp-json\/wp\/v2\/types\/page"}],"author":[{"embeddable":true,"href":"https:\/\/allprintvarella.com.br\/quote\/wp-json\/wp\/v2\/users\/1"}],"replies":[{"embeddable":true,"href":"https:\/\/allprintvarella.com.br\/quote\/wp-json\/wp\/v2\/comments?post=109"}],"version-history":[{"count":4,"href":"https:\/\/allprintvarella.com.br\/quote\/wp-json\/wp\/v2\/pages\/109\/revisions"}],"predecessor-version":[{"id":135,"href":"https:\/\/allprintvarella.com.br\/quote\/wp-json\/wp\/v2\/pages\/109\/revisions\/135"}],"wp:attachment":[{"href":"https:\/\/allprintvarella.com.br\/quote\/wp-json\/wp\/v2\/media?parent=109"}],"curies":[{"name":"wp","href":"https:\/\/api.w.org\/{rel}","templated":true}]}}